{"id":750,"date":"2019-01-03T17:20:40","date_gmt":"2019-01-03T16:20:40","guid":{"rendered":"https:\/\/lesseguins.fr\/?page_id=750"},"modified":"2019-12-21T17:55:42","modified_gmt":"2019-12-21T16:55:42","slug":"nous-situer","status":"publish","type":"page","link":"https:\/\/lesseguins.fr\/index.php\/nous-situer\/","title":{"rendered":"Nous situer"},"content":{"rendered":"<p>[vc_row cth_layout=\u00a0\u00bbparallax_sec\u00a0\u00bb css=\u00a0\u00bb.vc_custom_1446563823088{background-image: url(https:\/\/lesseguins.fr\/wp-content\/uploads\/2018\/12\/drone2.jpg) !important;}\u00a0\u00bb][vc_column video_bg=\u00a0\u00bbyes\u00a0\u00bb video_bg_url=\u00a0\u00bbhttps:\/\/youtu.be\/-8_sSKZvOig\u00a0\u00bb][vc_column_text]<\/p>\n<h2>Nous situer<\/h2>\n<div class=\"separator\"><\/div>\n<h3 class=\"subtitle\">Notre jolie endroit<\/h3>\n<p>[\/vc_column_text][\/vc_column][\/vc_row][vc_row cth_layout=\u00a0\u00bbleftimage_sec\u00a0\u00bb left_bg_img=\u00a0\u00bb759&Prime; el_id=\u00a0\u00bbsec1&Prime;][vc_column][vc_column_text]<\/p>\n<p>Valensole est situ\u00e9 au coeur d&rsquo;un plateau magnifique de lavandes et d&rsquo;amandiers et porte bien son nom : Valensole vient de vallis et solis, \u00ab\u00a0La Vall\u00e9e du Soleil\u00a0\u00bb, non loin des Gorges du Verdon et \u00e0 25 Kms de Manosque, ville de Jean Giono.<\/p>\n<p>Les paysages, les odeurs, les couleurs, et un patrimoine riche font de Valensole et son plateau, une v\u00e9ritable destination de vacances. La diversit\u00e9 des paysages permet d&rsquo;ailleurs la pratique de nombreux sports toute l&rsquo;ann\u00e9e<\/p>\n<h3 class=\"subtitle\">Valensole<\/h3>\n<p>Valensole est situ\u00e9 au coeur d&rsquo;un plateau magnifique de lavandes et d&rsquo;amandiers et porte bien son nom : Valensole vient de vallis et solis, \u00ab\u00a0La Vall\u00e9e du Soleil\u00a0\u00bb, non loin des Gorges du Verdon et \u00e0 25 Kms de Manosque, ville de Jean Giono.<\/p>\n<p>Les paysages, les odeurs, les couleurs, et un patrimoine riche font de Valensole et son plateau, une v\u00e9ritable destination de vacances. La diversit\u00e9 des paysages permet d&rsquo;ailleurs la pratique de nombreux sports toute l&rsquo;ann\u00e9e :<\/p>\n<p>-Randonn\u00e9es<\/p>\n<p>&#8211; Balades p\u00e9destres ou \u00e0 v\u00e9losports<\/p>\n<p>&#8211; Nautiques et d&rsquo;eau vive<\/p>\n<p>&#8211; Activit\u00e9s et loisirs a\u00e9riens<\/p>\n<p>&#8211; P\u00eaches<\/p>\n<p>&#8211; Escalade etc&#8230;..<\/p>\n<ul class=\"contact-list no-dec\">\n<li><span class=\"_xdb\">Adresse\u00a0:\u00a0<\/span><span class=\"_Xbe\">Ferme les Seguins 04210 Valensole<\/span><\/li>\n<li><span class=\"_xdb\">T\u00e9l\u00e9phone\u00a0:\u00a0<\/span><span class=\"_Xbe\">+33 (6) 43 40 53 37<\/span><\/li>\n<li><span class=\"no-rep\">E-mail :\u00a0<\/span><span class=\"_Xbe\">contact@lesseguins.fr<\/span><\/li>\n<\/ul>\n<p>[\/vc_column_text][\/vc_column][\/vc_row][vc_row full_width=\u00a0\u00bbstretch_row\u00a0\u00bb cth_layout=\u00a0\u00bbpage_sec\u00a0\u00bb css=\u00a0\u00bb.vc_custom_1446738127372{padding-top: 0px !important;padding-bottom: 0px !important;}\u00a0\u00bb el_id=\u00a0\u00bbsec2&Prime;][vc_column css=\u00a0\u00bb.vc_custom_1446736764309{padding-right: 0px !important;padding-left: 0px !important;}\u00a0\u00bb][vc_gmaps link=\u00a0\u00bb#E-8_JTNDaWZyYW1lJTIwc3JjJTNEJTIyaHR0cHMlM0ElMkYlMkZ3d3cuZ29vZ2xlLmNvbSUyRm1hcHMlMkZlbWJlZCUzRnBiJTNEJTIxMW0xNCUyMTFtOCUyMTFtMyUyMTFkMjg3Ni41NDk0NzY1NzgxMDElMjEyZDUuOTUyMTE2OCUyMTNkNDMuODY1MTY1OCUyMTNtMiUyMTFpMTAyNCUyMTJpNzY4JTIxNGYxMy4xJTIxM20zJTIxMW0yJTIxMXMweDEyY2JjNjlkODA0ZmRlMzclMjUzQTB4YjEzNTlhZWEwZjI4NDQ2MSUyMTJzRmVybWUlMkJsZXMlMkJTZWd1aW5zJTIxNWUwJTIxM20yJTIxMXNmciUyMTJzZnIlMjE0djE1NDY1MzI4MjE2NTUlMjIlMjB3aWR0aCUzRCUyMjgwMCUyMiUyMGhlaWdodCUzRCUyMjYwMCUyMiUyMGZyYW1lYm9yZGVyJTNEJTIyMCUyMiUyMHN0eWxlJTNEJTIyYm9yZGVyJTNBMCUyMiUyMGFsbG93ZnVsbHNjcmVlbiUzRSUzQyUyRmlmcmFtZSUzRQ==\u00a0\u00bb css_animation=\u00a0\u00bbfadeIn\u00a0\u00bb][\/vc_column][\/vc_row]<\/p>\n","protected":false},"excerpt":{"rendered":"<p>[vc_row cth_layout=\u00a0\u00bbparallax_sec\u00a0\u00bb css=\u00a0\u00bb.vc_custom_1446563823088{background-image: url(https:\/\/lesseguins.fr\/wp-content\/uploads\/2018\/12\/drone2.jpg) !important;}\u00a0\u00bb][vc_column video_bg=\u00a0\u00bbyes\u00a0\u00bb video_bg_url=\u00a0\u00bbhttps:\/\/youtu.be\/-8_sSKZvOig\u00a0\u00bb][vc_column_text] Nous situer Notre jolie endroit [\/vc_column_text][\/vc_column][\/vc_row][vc_row cth_layout=\u00a0\u00bbleftimage_sec\u00a0\u00bb left_bg_img=\u00a0\u00bb759&Prime; el_id=\u00a0\u00bbsec1&Prime;][vc_column][vc_column_text] Valensole est situ\u00e9 au coeur d&rsquo;un plateau magnifique de lavandes et d&rsquo;amandiers et porte bien son nom : Valensole vient de vallis et solis, \u00ab\u00a0La Vall\u00e9e du Soleil\u00a0\u00bb, non loin des Gorges du Verdon et \u00e0 25 Kms de [&hellip;]<\/p>\n","protected":false},"author":1,"featured_media":0,"parent":0,"menu_order":0,"comment_status":"closed","ping_status":"closed","template":"homepage.php","meta":{"footnotes":""},"class_list":["post-750","page","type-page","status-publish","hentry"],"yoast_head":"<!-- This site is optimized with the Yoast SEO plugin v27.0 - https:\/\/yoast.com\/product\/yoast-seo-wordpress\/ -->\n<title>Nous situer - Ferme des Seguins<\/title>\n<meta name=\"robots\" content=\"index, follow, max-snippet:-1, max-image-preview:large, max-video-preview:-1\" \/>\n<link rel=\"canonical\" href=\"https:\/\/lesseguins.fr\/index.php\/nous-situer\/\" \/>\n<meta property=\"og:locale\" content=\"fr_FR\" \/>\n<meta property=\"og:type\" content=\"article\" \/>\n<meta property=\"og:title\" content=\"Nous situer - Ferme des Seguins\" \/>\n<meta property=\"og:description\" content=\"[vc_row cth_layout=\u00a0\u00bbparallax_sec\u00a0\u00bb css=\u00a0\u00bb.vc_custom_1446563823088{background-image: url(https:\/\/lesseguins.fr\/wp-content\/uploads\/2018\/12\/drone2.jpg) !important;}\u00a0\u00bb][vc_column video_bg=\u00a0\u00bbyes\u00a0\u00bb video_bg_url=\u00a0\u00bbhttps:\/\/youtu.be\/-8_sSKZvOig\u00a0\u00bb][vc_column_text] Nous situer Notre jolie endroit [\/vc_column_text][\/vc_column][\/vc_row][vc_row cth_layout=\u00a0\u00bbleftimage_sec\u00a0\u00bb left_bg_img=\u00a0\u00bb759&Prime; el_id=\u00a0\u00bbsec1&Prime;][vc_column][vc_column_text] Valensole est situ\u00e9 au coeur d&rsquo;un plateau magnifique de lavandes et d&rsquo;amandiers et porte bien son nom : Valensole vient de vallis et solis, \u00ab\u00a0La Vall\u00e9e du Soleil\u00a0\u00bb, non loin des Gorges du Verdon et \u00e0 25 Kms de [&hellip;]\" \/>\n<meta property=\"og:url\" content=\"https:\/\/lesseguins.fr\/index.php\/nous-situer\/\" \/>\n<meta property=\"og:site_name\" content=\"Ferme des Seguins\" \/>\n<meta property=\"article:modified_time\" content=\"2019-12-21T16:55:42+00:00\" \/>\n<meta name=\"twitter:card\" content=\"summary_large_image\" \/>\n<meta name=\"twitter:label1\" content=\"Dur\u00e9e de lecture estim\u00e9e\" \/>\n\t<meta name=\"twitter:data1\" content=\"2 minutes\" \/>\n<script type=\"application\/ld+json\" class=\"yoast-schema-graph\">{\"@context\":\"https:\/\/schema.org\",\"@graph\":[{\"@type\":\"WebPage\",\"@id\":\"https:\/\/lesseguins.fr\/index.php\/nous-situer\/\",\"url\":\"https:\/\/lesseguins.fr\/index.php\/nous-situer\/\",\"name\":\"Nous situer - Ferme des Seguins\",\"isPartOf\":{\"@id\":\"https:\/\/lesseguins.fr\/#website\"},\"datePublished\":\"2019-01-03T16:20:40+00:00\",\"dateModified\":\"2019-12-21T16:55:42+00:00\",\"breadcrumb\":{\"@id\":\"https:\/\/lesseguins.fr\/index.php\/nous-situer\/#breadcrumb\"},\"inLanguage\":\"fr-FR\",\"potentialAction\":[{\"@type\":\"ReadAction\",\"target\":[\"https:\/\/lesseguins.fr\/index.php\/nous-situer\/\"]}]},{\"@type\":\"BreadcrumbList\",\"@id\":\"https:\/\/lesseguins.fr\/index.php\/nous-situer\/#breadcrumb\",\"itemListElement\":[{\"@type\":\"ListItem\",\"position\":1,\"name\":\"Accueil\",\"item\":\"https:\/\/lesseguins.fr\/\"},{\"@type\":\"ListItem\",\"position\":2,\"name\":\"Nous situer\"}]},{\"@type\":\"WebSite\",\"@id\":\"https:\/\/lesseguins.fr\/#website\",\"url\":\"https:\/\/lesseguins.fr\/\",\"name\":\"Ferme des Seguins\",\"description\":\"\",\"potentialAction\":[{\"@type\":\"SearchAction\",\"target\":{\"@type\":\"EntryPoint\",\"urlTemplate\":\"https:\/\/lesseguins.fr\/?s={search_term_string}\"},\"query-input\":{\"@type\":\"PropertyValueSpecification\",\"valueRequired\":true,\"valueName\":\"search_term_string\"}}],\"inLanguage\":\"fr-FR\"}]}<\/script>\n<!-- \/ Yoast SEO plugin. -->","yoast_head_json":{"title":"Nous situer - Ferme des Seguins","robots":{"index":"index","follow":"follow","max-snippet":"max-snippet:-1","max-image-preview":"max-image-preview:large","max-video-preview":"max-video-preview:-1"},"canonical":"https:\/\/lesseguins.fr\/index.php\/nous-situer\/","og_locale":"fr_FR","og_type":"article","og_title":"Nous situer - Ferme des Seguins","og_description":"[vc_row cth_layout=\u00a0\u00bbparallax_sec\u00a0\u00bb css=\u00a0\u00bb.vc_custom_1446563823088{background-image: url(https:\/\/lesseguins.fr\/wp-content\/uploads\/2018\/12\/drone2.jpg) !important;}\u00a0\u00bb][vc_column video_bg=\u00a0\u00bbyes\u00a0\u00bb video_bg_url=\u00a0\u00bbhttps:\/\/youtu.be\/-8_sSKZvOig\u00a0\u00bb][vc_column_text] Nous situer Notre jolie endroit [\/vc_column_text][\/vc_column][\/vc_row][vc_row cth_layout=\u00a0\u00bbleftimage_sec\u00a0\u00bb left_bg_img=\u00a0\u00bb759&Prime; el_id=\u00a0\u00bbsec1&Prime;][vc_column][vc_column_text] Valensole est situ\u00e9 au coeur d&rsquo;un plateau magnifique de lavandes et d&rsquo;amandiers et porte bien son nom : Valensole vient de vallis et solis, \u00ab\u00a0La Vall\u00e9e du Soleil\u00a0\u00bb, non loin des Gorges du Verdon et \u00e0 25 Kms de [&hellip;]","og_url":"https:\/\/lesseguins.fr\/index.php\/nous-situer\/","og_site_name":"Ferme des Seguins","article_modified_time":"2019-12-21T16:55:42+00:00","twitter_card":"summary_large_image","twitter_misc":{"Dur\u00e9e de lecture estim\u00e9e":"2 minutes"},"schema":{"@context":"https:\/\/schema.org","@graph":[{"@type":"WebPage","@id":"https:\/\/lesseguins.fr\/index.php\/nous-situer\/","url":"https:\/\/lesseguins.fr\/index.php\/nous-situer\/","name":"Nous situer - Ferme des Seguins","isPartOf":{"@id":"https:\/\/lesseguins.fr\/#website"},"datePublished":"2019-01-03T16:20:40+00:00","dateModified":"2019-12-21T16:55:42+00:00","breadcrumb":{"@id":"https:\/\/lesseguins.fr\/index.php\/nous-situer\/#breadcrumb"},"inLanguage":"fr-FR","potentialAction":[{"@type":"ReadAction","target":["https:\/\/lesseguins.fr\/index.php\/nous-situer\/"]}]},{"@type":"BreadcrumbList","@id":"https:\/\/lesseguins.fr\/index.php\/nous-situer\/#breadcrumb","itemListElement":[{"@type":"ListItem","position":1,"name":"Accueil","item":"https:\/\/lesseguins.fr\/"},{"@type":"ListItem","position":2,"name":"Nous situer"}]},{"@type":"WebSite","@id":"https:\/\/lesseguins.fr\/#website","url":"https:\/\/lesseguins.fr\/","name":"Ferme des Seguins","description":"","potentialAction":[{"@type":"SearchAction","target":{"@type":"EntryPoint","urlTemplate":"https:\/\/lesseguins.fr\/?s={search_term_string}"},"query-input":{"@type":"PropertyValueSpecification","valueRequired":true,"valueName":"search_term_string"}}],"inLanguage":"fr-FR"}]}},"_links":{"self":[{"href":"https:\/\/lesseguins.fr\/index.php\/wp-json\/wp\/v2\/pages\/750","targetHints":{"allow":["GET"]}}],"collection":[{"href":"https:\/\/lesseguins.fr\/index.php\/wp-json\/wp\/v2\/pages"}],"about":[{"href":"https:\/\/lesseguins.fr\/index.php\/wp-json\/wp\/v2\/types\/page"}],"author":[{"embeddable":true,"href":"https:\/\/lesseguins.fr\/index.php\/wp-json\/wp\/v2\/users\/1"}],"replies":[{"embeddable":true,"href":"https:\/\/lesseguins.fr\/index.php\/wp-json\/wp\/v2\/comments?post=750"}],"version-history":[{"count":11,"href":"https:\/\/lesseguins.fr\/index.php\/wp-json\/wp\/v2\/pages\/750\/revisions"}],"predecessor-version":[{"id":984,"href":"https:\/\/lesseguins.fr\/index.php\/wp-json\/wp\/v2\/pages\/750\/revisions\/984"}],"wp:attachment":[{"href":"https:\/\/lesseguins.fr\/index.php\/wp-json\/wp\/v2\/media?parent=750"}],"curies":[{"name":"wp","href":"https:\/\/api.w.org\/{rel}","templated":true}]}}