{"id":583,"date":"2015-10-14T13:10:33","date_gmt":"2015-10-14T13:10:33","guid":{"rendered":"http:\/\/demowp.cththemes.net\/outdoor\/?page_id=2"},"modified":"2019-05-02T22:01:34","modified_gmt":"2019-05-02T20:01:34","slug":"home","status":"publish","type":"page","link":"https:\/\/lesseguins.fr\/","title":{"rendered":"Accueil"},"content":{"rendered":"<p>[vc_row full_width=\u00a0\u00bbstretch_row\u00a0\u00bb cth_layout=\u00a0\u00bbhome_sec\u00a0\u00bb][vc_column el_class=\u00a0\u00bbfull-height\u00a0\u00bb css=\u00a0\u00bb.vc_custom_1444835266578{padding-right: 0px !important;padding-left: 0px !important;}\u00a0\u00bb][outdoor_home_swiper loop=\u00a0\u00bbtrue\u00a0\u00bb][outdoor_home_swiper_item slideimg=\u00a0\u00bb614&Prime;]<\/p>\n<div class=\"subtitle\">EN HAUTE PROVENCE<\/div>\n<div class=\"separator-image\"><img loading=\"lazy\" decoding=\"async\" class=\"alignnone size-full wp-image-13\" src=\"https:\/\/lesseguins.fr\/wp-content\/uploads\/2015\/10\/separator1.png\" alt=\"separator\" width=\"42\" height=\"8\" \/><\/div>\n<h3 class=\"transition\">BIENVENUE \u00c0 LA FERME LES SEGUINS<\/h3>\n<div class=\"separator-image\"><img loading=\"lazy\" decoding=\"async\" class=\"alignnone size-full wp-image-13\" src=\"https:\/\/lesseguins.fr\/wp-content\/uploads\/2015\/10\/separator1.png\" alt=\"separator\" width=\"42\" height=\"8\" \/><\/div>\n<h4 class=\"transition\"><a href=\"#\">La ferme les Seguins se situe en plein c\u0153ur de la nature, au nord du plateau de Valensole et au sud des Alpes de Haute Provence.<br \/>\nEntour\u00e9e de champs de lavande et de culture de bl\u00e9, la ferme tend \u00e0 vivre en harmonie avec sa flore et ses animaux.<br \/>\nSensible \u00e0 l\u2019\u00e9cologie et aspirant \u00e0 l\u2019autonomie, nous cultivons un grand potager, cuisinons beaucoup et faisons de nombreuses conserves.<br \/>\n<\/a><\/h4>\n<p>[\/outdoor_home_swiper_item][outdoor_home_swiper_item slideimg=\u00a0\u00bb623&Prime;]<\/p>\n<div class=\"subtitle\">Un lieu culturel<\/div>\n<div class=\"separator-image\"><img loading=\"lazy\" decoding=\"async\" class=\"alignnone size-full wp-image-13\" src=\"https:\/\/lesseguins.fr\/wp-content\/uploads\/2015\/10\/separator1.png\" alt=\"separator\" width=\"42\" height=\"8\" \/><\/div>\n<h3 class=\"transition\"><a href=\"https:\/\/lesseguins.fr\/index.php\/portfolio\/bukolic\">Association Bukolik<\/a><\/h3>\n<h4 class=\"transition\"><a href=\"https:\/\/lesseguins.fr\/index.php\/portfolio\/bukolic\">Association Bukolik. Voici nos nouvelles propositions autour de la culture \u00e0 la ferme, via l&rsquo;association Bukolik.<br \/>\nLa bergerie a \u00e9t\u00e9 r\u00e9habilit\u00e9e en salle spectacle (multi-activit\u00e9s : spectacles vivants, concerts&#8230;).<br \/>\nAux beaux jours, nous pourrons vous accueillir dans notre amphith\u00e9\u00e2tre de verdure dominant le plateau de Valensole.<br \/>\nLa salle est aussi disponible \u00e0 la location pour vos \u00e9v\u00e9nements, stages etc&#8230;<br \/>\n<\/a><\/h4>\n<p>[\/outdoor_home_swiper_item][outdoor_home_swiper_item slideimg=\u00a0\u00bb816&Prime;]<\/p>\n<div class=\"subtitle\">Un paysan boulanger<\/div>\n<div class=\"separator-image\"><img loading=\"lazy\" decoding=\"async\" class=\"alignnone size-full wp-image-13\" src=\"https:\/\/lesseguins.fr\/wp-content\/uploads\/2015\/10\/separator1.png\" alt=\"separator\" width=\"42\" height=\"8\" \/><\/div>\n<h3 class=\"transition\"><a href=\"https:\/\/lesseguins.fr\/index.php\/portfolio\/boulangerie\">La boulangerie<\/a><\/h3>\n<div class=\"separator-image\"><img loading=\"lazy\" decoding=\"async\" class=\"alignnone size-full wp-image-13\" src=\"https:\/\/lesseguins.fr\/wp-content\/uploads\/2015\/10\/separator1.png\" alt=\"separator\" width=\"42\" height=\"8\" \/><\/div>\n<h4 class=\"transition\"><a href=\"https:\/\/lesseguins.fr\/index.php\/portfolio\/boulangerie\">L\u2019activit\u00e9 principale \u00e0 la ferme s&rsquo;oriente autour de la culture de c\u00e9r\u00e9ales anciennes (bl\u00e9s, Khorazan, petit \u00e9peautre).<br \/>\nCes r\u00e9coltes sont transform\u00e9es en farine gr\u00e2ce \u00e0 notre moulin, puis nous fabriquons du pain \u00e0 l&rsquo;ancienne cuit au four \u00e0 bois.<br \/>\n<\/a><\/h4>\n<p>[\/outdoor_home_swiper_item][outdoor_home_swiper_item slideimg=\u00a0\u00bb628&Prime;]<\/p>\n<div class=\"subtitle\">Le maximum de naturel<\/div>\n<div class=\"separator-image\"><img loading=\"lazy\" decoding=\"async\" class=\"alignnone size-full wp-image-13\" src=\"https:\/\/lesseguins.fr\/wp-content\/uploads\/2015\/10\/separator1.png\" alt=\"separator\" width=\"42\" height=\"8\" \/><\/div>\n<h3 class=\"transition\"><a href=\"https:\/\/lesseguins.fr\/index.php\/portfolio\/gite-le-rose\/\">Les g\u00eetes<\/a><\/h3>\n<h4 class=\"transition\"><a href=\"https:\/\/lesseguins.fr\/index.php\/portfolio\/gite-le-pierre\/\">Les g\u00eetes sont aussi une activit\u00e9 de la ferme en accueil paysan (Site Accueil Paysan PACA).<br \/>\nNous avons plaisir \u00e0 vous accueillir tout au long de l\u2019ann\u00e9e, soit en g\u00eete, soit en chambre d\u2019h\u00f4tes et proposons \u00e9galement, sur r\u00e9servation, des repas paysans.<br \/>\n\u00c0 la bonne saison, vous pourrez vous rafra\u00eechir en nageant dans le bassin naturel !<br \/>\nToutes nos toilettes sont s\u00e8ches et les douches et bains se prennent exclusivement avec des produits naturels.<br \/>\n<\/a><\/h4>\n<p>[\/outdoor_home_swiper_item][\/outdoor_home_swiper][\/vc_column][\/vc_row]<\/p>\n","protected":false},"excerpt":{"rendered":"<p>[vc_row full_width=\u00a0\u00bbstretch_row\u00a0\u00bb cth_layout=\u00a0\u00bbhome_sec\u00a0\u00bb][vc_column el_class=\u00a0\u00bbfull-height\u00a0\u00bb css=\u00a0\u00bb.vc_custom_1444835266578{padding-right: 0px !important;padding-left: 0px !important;}\u00a0\u00bb][outdoor_home_swiper loop=\u00a0\u00bbtrue\u00a0\u00bb][outdoor_home_swiper_item slideimg=\u00a0\u00bb614&Prime;] EN HAUTE PROVENCE BIENVENUE \u00c0 LA FERME LES SEGUINS La ferme les Seguins se situe en plein c\u0153ur de la nature, au nord du plateau de Valensole et au sud des Alpes de Haute Provence. Entour\u00e9e de champs de lavande et de culture de [&hellip;]<\/p>\n","protected":false},"author":1,"featured_media":0,"parent":0,"menu_order":0,"comment_status":"closed","ping_status":"closed","template":"homepage-fiximageheight.php","meta":{"footnotes":""},"class_list":["post-583","page","type-page","status-publish","hentry"],"yoast_head":"<!-- This site is optimized with the Yoast SEO plugin v27.0 - https:\/\/yoast.com\/product\/yoast-seo-wordpress\/ -->\n<title>Accueil - Ferme des Seguins<\/title>\n<meta name=\"robots\" content=\"index, follow, max-snippet:-1, max-image-preview:large, max-video-preview:-1\" \/>\n<link rel=\"canonical\" href=\"https:\/\/lesseguins.fr\/\" \/>\n<meta property=\"og:locale\" content=\"fr_FR\" \/>\n<meta property=\"og:type\" content=\"article\" \/>\n<meta property=\"og:title\" content=\"Accueil - Ferme des Seguins\" \/>\n<meta property=\"og:description\" content=\"[vc_row full_width=\u00a0\u00bbstretch_row\u00a0\u00bb cth_layout=\u00a0\u00bbhome_sec\u00a0\u00bb][vc_column el_class=\u00a0\u00bbfull-height\u00a0\u00bb css=\u00a0\u00bb.vc_custom_1444835266578{padding-right: 0px !important;padding-left: 0px !important;}\u00a0\u00bb][outdoor_home_swiper loop=\u00a0\u00bbtrue\u00a0\u00bb][outdoor_home_swiper_item slideimg=\u00a0\u00bb614&Prime;] EN HAUTE PROVENCE BIENVENUE \u00c0 LA FERME LES SEGUINS La ferme les Seguins se situe en plein c\u0153ur de la nature, au nord du plateau de Valensole et au sud des Alpes de Haute Provence. Entour\u00e9e de champs de lavande et de culture de [&hellip;]\" \/>\n<meta property=\"og:url\" content=\"https:\/\/lesseguins.fr\/\" \/>\n<meta property=\"og:site_name\" content=\"Ferme des Seguins\" \/>\n<meta property=\"article:modified_time\" content=\"2019-05-02T20:01:34+00:00\" \/>\n<meta property=\"og:image\" content=\"http:\/\/lesseguins.fr\/wp-content\/uploads\/2015\/10\/separator1.png\" \/>\n<meta name=\"twitter:card\" content=\"summary_large_image\" \/>\n<meta name=\"twitter:label1\" content=\"Dur\u00e9e de lecture estim\u00e9e\" \/>\n\t<meta name=\"twitter:data1\" content=\"2 minutes\" \/>\n<script type=\"application\/ld+json\" class=\"yoast-schema-graph\">{\"@context\":\"https:\/\/schema.org\",\"@graph\":[{\"@type\":\"WebPage\",\"@id\":\"https:\/\/lesseguins.fr\/\",\"url\":\"https:\/\/lesseguins.fr\/\",\"name\":\"Accueil - Ferme des Seguins\",\"isPartOf\":{\"@id\":\"https:\/\/lesseguins.fr\/#website\"},\"primaryImageOfPage\":{\"@id\":\"https:\/\/lesseguins.fr\/#primaryimage\"},\"image\":{\"@id\":\"https:\/\/lesseguins.fr\/#primaryimage\"},\"thumbnailUrl\":\"http:\/\/lesseguins.fr\/wp-content\/uploads\/2015\/10\/separator1.png\",\"datePublished\":\"2015-10-14T13:10:33+00:00\",\"dateModified\":\"2019-05-02T20:01:34+00:00\",\"breadcrumb\":{\"@id\":\"https:\/\/lesseguins.fr\/#breadcrumb\"},\"inLanguage\":\"fr-FR\",\"potentialAction\":[{\"@type\":\"ReadAction\",\"target\":[\"https:\/\/lesseguins.fr\/\"]}]},{\"@type\":\"ImageObject\",\"inLanguage\":\"fr-FR\",\"@id\":\"https:\/\/lesseguins.fr\/#primaryimage\",\"url\":\"https:\/\/lesseguins.fr\/wp-content\/uploads\/2015\/10\/separator1.png\",\"contentUrl\":\"https:\/\/lesseguins.fr\/wp-content\/uploads\/2015\/10\/separator1.png\",\"width\":42,\"height\":8},{\"@type\":\"BreadcrumbList\",\"@id\":\"https:\/\/lesseguins.fr\/#breadcrumb\",\"itemListElement\":[{\"@type\":\"ListItem\",\"position\":1,\"name\":\"Accueil\",\"item\":\"https:\/\/lesseguins.fr\/\"},{\"@type\":\"ListItem\",\"position\":2,\"name\":\"Accueil\"}]},{\"@type\":\"WebSite\",\"@id\":\"https:\/\/lesseguins.fr\/#website\",\"url\":\"https:\/\/lesseguins.fr\/\",\"name\":\"Ferme des Seguins\",\"description\":\"\",\"potentialAction\":[{\"@type\":\"SearchAction\",\"target\":{\"@type\":\"EntryPoint\",\"urlTemplate\":\"https:\/\/lesseguins.fr\/?s={search_term_string}\"},\"query-input\":{\"@type\":\"PropertyValueSpecification\",\"valueRequired\":true,\"valueName\":\"search_term_string\"}}],\"inLanguage\":\"fr-FR\"}]}<\/script>\n<!-- \/ Yoast SEO plugin. -->","yoast_head_json":{"title":"Accueil - Ferme des Seguins","robots":{"index":"index","follow":"follow","max-snippet":"max-snippet:-1","max-image-preview":"max-image-preview:large","max-video-preview":"max-video-preview:-1"},"canonical":"https:\/\/lesseguins.fr\/","og_locale":"fr_FR","og_type":"article","og_title":"Accueil - Ferme des Seguins","og_description":"[vc_row full_width=\u00a0\u00bbstretch_row\u00a0\u00bb cth_layout=\u00a0\u00bbhome_sec\u00a0\u00bb][vc_column el_class=\u00a0\u00bbfull-height\u00a0\u00bb css=\u00a0\u00bb.vc_custom_1444835266578{padding-right: 0px !important;padding-left: 0px !important;}\u00a0\u00bb][outdoor_home_swiper loop=\u00a0\u00bbtrue\u00a0\u00bb][outdoor_home_swiper_item slideimg=\u00a0\u00bb614&Prime;] EN HAUTE PROVENCE BIENVENUE \u00c0 LA FERME LES SEGUINS La ferme les Seguins se situe en plein c\u0153ur de la nature, au nord du plateau de Valensole et au sud des Alpes de Haute Provence. Entour\u00e9e de champs de lavande et de culture de [&hellip;]","og_url":"https:\/\/lesseguins.fr\/","og_site_name":"Ferme des Seguins","article_modified_time":"2019-05-02T20:01:34+00:00","og_image":[{"url":"http:\/\/lesseguins.fr\/wp-content\/uploads\/2015\/10\/separator1.png","type":"","width":"","height":""}],"twitter_card":"summary_large_image","twitter_misc":{"Dur\u00e9e de lecture estim\u00e9e":"2 minutes"},"schema":{"@context":"https:\/\/schema.org","@graph":[{"@type":"WebPage","@id":"https:\/\/lesseguins.fr\/","url":"https:\/\/lesseguins.fr\/","name":"Accueil - Ferme des Seguins","isPartOf":{"@id":"https:\/\/lesseguins.fr\/#website"},"primaryImageOfPage":{"@id":"https:\/\/lesseguins.fr\/#primaryimage"},"image":{"@id":"https:\/\/lesseguins.fr\/#primaryimage"},"thumbnailUrl":"http:\/\/lesseguins.fr\/wp-content\/uploads\/2015\/10\/separator1.png","datePublished":"2015-10-14T13:10:33+00:00","dateModified":"2019-05-02T20:01:34+00:00","breadcrumb":{"@id":"https:\/\/lesseguins.fr\/#breadcrumb"},"inLanguage":"fr-FR","potentialAction":[{"@type":"ReadAction","target":["https:\/\/lesseguins.fr\/"]}]},{"@type":"ImageObject","inLanguage":"fr-FR","@id":"https:\/\/lesseguins.fr\/#primaryimage","url":"https:\/\/lesseguins.fr\/wp-content\/uploads\/2015\/10\/separator1.png","contentUrl":"https:\/\/lesseguins.fr\/wp-content\/uploads\/2015\/10\/separator1.png","width":42,"height":8},{"@type":"BreadcrumbList","@id":"https:\/\/lesseguins.fr\/#breadcrumb","itemListElement":[{"@type":"ListItem","position":1,"name":"Accueil","item":"https:\/\/lesseguins.fr\/"},{"@type":"ListItem","position":2,"name":"Accueil"}]},{"@type":"WebSite","@id":"https:\/\/lesseguins.fr\/#website","url":"https:\/\/lesseguins.fr\/","name":"Ferme des Seguins","description":"","potentialAction":[{"@type":"SearchAction","target":{"@type":"EntryPoint","urlTemplate":"https:\/\/lesseguins.fr\/?s={search_term_string}"},"query-input":{"@type":"PropertyValueSpecification","valueRequired":true,"valueName":"search_term_string"}}],"inLanguage":"fr-FR"}]}},"_links":{"self":[{"href":"https:\/\/lesseguins.fr\/index.php\/wp-json\/wp\/v2\/pages\/583","targetHints":{"allow":["GET"]}}],"collection":[{"href":"https:\/\/lesseguins.fr\/index.php\/wp-json\/wp\/v2\/pages"}],"about":[{"href":"https:\/\/lesseguins.fr\/index.php\/wp-json\/wp\/v2\/types\/page"}],"author":[{"embeddable":true,"href":"https:\/\/lesseguins.fr\/index.php\/wp-json\/wp\/v2\/users\/1"}],"replies":[{"embeddable":true,"href":"https:\/\/lesseguins.fr\/index.php\/wp-json\/wp\/v2\/comments?post=583"}],"version-history":[{"count":31,"href":"https:\/\/lesseguins.fr\/index.php\/wp-json\/wp\/v2\/pages\/583\/revisions"}],"predecessor-version":[{"id":858,"href":"https:\/\/lesseguins.fr\/index.php\/wp-json\/wp\/v2\/pages\/583\/revisions\/858"}],"wp:attachment":[{"href":"https:\/\/lesseguins.fr\/index.php\/wp-json\/wp\/v2\/media?parent=583"}],"curies":[{"name":"wp","href":"https:\/\/api.w.org\/{rel}","templated":true}]}}